{"id":1565,"date":"2023-09-15T12:57:23","date_gmt":"2023-09-15T10:57:23","guid":{"rendered":"https:\/\/ivarcssport.com\/?page_id=1565"},"modified":"2025-01-09T12:24:39","modified_gmt":"2025-01-09T11:24:39","slug":"cookies","status":"publish","type":"page","link":"https:\/\/ivarcssport.com\/en\/cookies\/","title":{"rendered":"Cookies"},"content":{"rendered":"<p><div class=\"fusion-fullwidth fullwidth-box fusion-builder-row-1 fusion-flex-container has-pattern-background has-mask-background hundred-percent-fullwidth non-hundred-percent-height-scrolling\" style=\"--awb-background-position:left top;--awb-border-sizes-top:0px;--awb-border-sizes-bottom:0px;--awb-border-sizes-left:0px;--awb-border-sizes-right:0px;--awb-border-radius-top-left:0px;--awb-border-radius-top-right:0px;--awb-border-radius-bottom-right:0px;--awb-border-radius-bottom-left:0px;--awb-padding-top:0px;--awb-padding-right:0px;--awb-padding-bottom:0px;--awb-padding-left:0px;--awb-flex-wrap:wrap;\" ><div class=\"fusion-builder-row fusion-row fusion-flex-align-items-stretch fusion-flex-content-wrap\" style=\"width:calc( 100% + 0px ) !important;max-width:calc( 100% + 0px ) !important;margin-left: calc(-0px \/ 2 );margin-right: calc(-0px \/ 2 );\"><div class=\"fusion-layout-column fusion_builder_column fusion-builder-column-0 fusion_builder_column_1_1 1_1 fusion-flex-column\" style=\"--awb-padding-top:100px;--awb-padding-right:10%;--awb-padding-bottom:100px;--awb-padding-left:10%;--awb-bg-color:#ffffff;--awb-bg-color-hover:#ffffff;--awb-bg-size:cover;--awb-width-large:100%;--awb-margin-top-large:100px;--awb-spacing-right-large:0px;--awb-margin-bottom-large:0px;--awb-spacing-left-large:0px;--awb-width-medium:100%;--awb-order-medium:0;--awb-spacing-right-medium:0px;--awb-spacing-left-medium:0px;--awb-width-small:100%;--awb-order-small:0;--awb-spacing-right-small:0px;--awb-spacing-left-small:0px;\" data-scroll-devices=\"small-visibility,medium-visibility,large-visibility\"><div class=\"fusion-column-wrapper fusion-column-has-shadow fusion-flex-justify-content-center fusion-content-layout-column\"><div class=\"fusion-text fusion-text-1\"><h3>Z\u00c1SADY POU\u017dIT\u00cd COOKIES<\/h3>\n<p>P\u0159i n\u00e1v\u0161t\u011bv\u011b a pou\u017e\u00edv\u00e1n\u00ed webov\u00fdch str\u00e1nek spole\u010dnosti IVAR CS spol. s.r.o. se ve va\u0161em za\u0159\u00edzen\u00ed aktivuj\u00ed cookies nebo jin\u00e9 technologie, jako jsou pixely (d\u00e1le spole\u010dn\u011b \u201ecookies\u201c). Cookies jsou obsahov\u011b mal\u00e9 soubory, kter\u00e9 slou\u017e\u00ed k ukl\u00e1d\u00e1n\u00ed a p\u0159ij\u00edm\u00e1n\u00ed identifik\u00e1tor\u016f a dal\u0161\u00edch informac\u00ed o po\u010d\u00edta\u010d\u00edch, telefonech a jin\u00fdch za\u0159\u00edzen\u00edch, z nich\u017e p\u0159istupujete na webov\u00e9 str\u00e1nky, a pom\u00e1haj\u00ed n\u00e1m tak poskytovat, chr\u00e1nit a zlep\u0161ovat nab\u00edzen\u00e9 slu\u017eby.<br \/>\nPou\u017e\u00edv\u00e1n\u00ed cookies n\u00e1m umo\u017en\u00ed nab\u00eddnout V\u00e1m takov\u00fd obsah a slu\u017eby, kter\u00e9 nejl\u00e9pe odpov\u00eddaj\u00ed Va\u0161im pot\u0159eb\u00e1m a z\u00e1jm\u016fm. Cookies umo\u017e\u0148uj\u00ed zaznamenat informace o Va\u0161\u00ed n\u00e1v\u0161t\u011bv\u011b webov\u00fdch str\u00e1nek a d\u00edky jejich pou\u017e\u00edv\u00e1n\u00ed tak bude Va\u0161e dal\u0161\u00ed n\u00e1v\u0161t\u011bva snaz\u0161\u00ed a rychlej\u0161\u00ed.<\/p>\n<h3>JAK\u00c9 COOKIES POU\u017d\u00cdV\u00c1ME?<\/h3>\n<p>Spole\u010dnost IVAR CS spol. s.r.o. pou\u017e\u00edv\u00e1 na sv\u00fdch webov\u00fdch str\u00e1nk\u00e1ch funk\u010dn\u00ed, z\u00e1kladn\u00ed analytick\u00e9 a marketingov\u00e9 cookies.<\/p>\n<h3>FUNK\u010cN\u00cd COOKIES<\/h3>\n<p>P\u0159i n\u00e1v\u0161t\u011bv\u011b a pou\u017e\u00edv\u00e1n\u00ed na\u0161ich webov\u00fdch str\u00e1nek pouze pro informa\u010dn\u00ed \u00fa\u010dely, tj. pokud se nezaregistrujete nebo n\u00e1m neud\u011bl\u00edte souhlas, shroma\u017e\u010fujeme pouze osobn\u00ed \u00fadaje, kter\u00e9 V\u00e1\u0161 prohl\u00ed\u017ee\u010d p\u0159ed\u00e1v\u00e1 na n\u00e1\u0161 server, co\u017e je nezbytn\u00e9, abychom V\u00e1m mohli zobrazit webov\u00e9 str\u00e1nky a zaru\u010dit V\u00e1m stabilitu a bezpe\u010dnost jejich u\u017e\u00edv\u00e1n\u00ed.<\/p>\n<h3>Z\u00c1KLADN\u00cd ANALYTICK\u00c9 COOKIES<\/h3>\n<p>Tyto cookies slou\u017e\u00ed ke zlep\u0161en\u00ed fungov\u00e1n\u00ed webov\u00fdch str\u00e1nek. Umo\u017e\u0148uj\u00ed n\u00e1m rozpoznat a zjistit po\u010det n\u00e1v\u0161t\u011bvn\u00edk\u016f a sledovat, jak n\u00e1v\u0161t\u011bvn\u00edci pou\u017e\u00edvaj\u00ed na\u0161e webov\u00e9 str\u00e1nky. Pom\u00e1haj\u00ed n\u00e1m zlep\u0161ovat zp\u016fsob, jak\u00fdm webov\u00e9 str\u00e1nky funguj\u00ed, nap\u0159\u00edklad tak, \u017ee umo\u017e\u0148uj\u00ed u\u017eivatel\u016fm snadno naj\u00edt to, co hledaj\u00ed. Tyto cookies neshroma\u017e\u010fuj\u00ed informace, kter\u00e9 by dok\u00e1zaly identifikovat Va\u0161i osobu.<br \/>\nPomoc\u00ed t\u011bchto n\u00e1stroj\u016f analyzujeme a pravideln\u011b zlep\u0161ujeme funkcionalitu na\u0161ich webov\u00fdch str\u00e1nek. Z\u00edskan\u00e9 statistiky m\u016f\u017eeme pou\u017e\u00edt ke zlep\u0161en\u00ed u\u017eivatelsk\u00e9ho komfortu a abychom u\u010dinili Va\u0161i n\u00e1v\u0161t\u011bvu webov\u00fdch str\u00e1nek zaj\u00edmav\u011bj\u0161\u00ed pro V\u00e1s jako u\u017eivatele.<\/p>\n<h3>MARKETINGOV\u00c9 COOKIES<\/h3>\n<p>Pou\u017e\u00edvaj\u00ed se ke sledov\u00e1n\u00ed preferenc\u00ed u\u017eivatele webov\u00fdch str\u00e1nek za \u00fa\u010delem c\u00edlen\u00ed reklamy, tj. zobrazen\u00ed marketingov\u00fdch a reklamn\u00edch sd\u011blen\u00ed (i na str\u00e1nk\u00e1ch t\u0159et\u00edch stran) v souladu s t\u011bmito preferencemi.<br \/>\nMarketingov\u00e9 soubory cookies vyu\u017e\u00edvaj\u00ed n\u00e1stroj\u016f extern\u00edch spole\u010dnost\u00ed. Tyto marketingov\u00e9 cookies budou pou\u017eity pouze na z\u00e1klad\u011b Va\u0161eho souhlasu.<\/p>\n<\/div><\/div><\/div><\/div><\/div><div class=\"fusion-fullwidth fullwidth-box fusion-builder-row-2 fusion-flex-container has-pattern-background has-mask-background fusion-parallax-none nonhundred-percent-fullwidth non-hundred-percent-height-scrolling lazyload\" style=\"--awb-border-sizes-top:0px;--awb-border-sizes-bottom:0px;--awb-border-sizes-left:0px;--awb-border-sizes-right:0px;--awb-border-radius-top-left:0px;--awb-border-radius-top-right:0px;--awb-border-radius-bottom-right:0px;--awb-border-radius-bottom-left:0px;--awb-padding-top:150px;--awb-padding-bottom:150px;--awb-background-size:cover;--awb-flex-wrap:wrap;\" data-bg=\"http:\/\/ivarcssport.com\/wp-content\/uploads\/2023\/08\/bg-banner-join.jpg\" ><div class=\"fusion-builder-row fusion-row fusion-flex-align-items-flex-start fusion-flex-content-wrap\" style=\"max-width:calc( 1170px + 0px );margin-left: calc(-0px \/ 2 );margin-right: calc(-0px \/ 2 );\"><div class=\"fusion-layout-column fusion_builder_column fusion-builder-column-1 fusion_builder_column_1_1 1_1 fusion-flex-column\" style=\"--awb-padding-right:11%;--awb-padding-left:11%;--awb-bg-blend:overlay;--awb-bg-size:cover;--awb-width-large:100%;--awb-margin-top-large:0px;--awb-spacing-right-large:0px;--awb-margin-bottom-large:20px;--awb-spacing-left-large:0px;--awb-width-medium:100%;--awb-spacing-right-medium:0px;--awb-spacing-left-medium:0px;--awb-width-small:100%;--awb-spacing-right-small:0px;--awb-spacing-left-small:0px;\"><div class=\"fusion-column-wrapper fusion-flex-justify-content-flex-start fusion-content-layout-column\"><div class=\"fusion-title title fusion-title-1 fusion-sep-none fusion-title-center fusion-title-text fusion-title-size-two\" style=\"--awb-text-color:var(--awb-color1);--awb-margin-top-small:0px;--awb-margin-right-small:0px;--awb-margin-bottom-small:20px;--awb-margin-left-small:0px;\"><h2 class=\"fusion-title-heading title-heading-center\" style=\"margin:0;text-transform:uppercase;\">JOIN THE IVAR CS SPORT WORLD<\/h2><\/div><div class=\"fusion-separator\" style=\"align-self: center;margin-left: auto;margin-right: auto;margin-top:0px;margin-bottom:40px;width:100%;max-width:200px;\"><div class=\"fusion-separator-border sep-single sep-solid\" style=\"--awb-height:20px;--awb-amount:20px;--awb-sep-color:var(--awb-color4);border-color:var(--awb-color4);border-top-width:3px;\"><\/div><\/div><div class=\"fusion-text fusion-text-2\" style=\"--awb-content-alignment:center;--awb-font-size:var(--awb-typography2-font-size);--awb-line-height:var(--awb-typography2-line-height);--awb-letter-spacing:var(--awb-typography2-letter-spacing);--awb-text-transform:var(--awb-typography2-text-transform);--awb-text-color:var(--awb-color1);--awb-text-font-family:var(--awb-typography2-font-family);--awb-text-font-weight:var(--awb-typography2-font-weight);--awb-text-font-style:var(--awb-typography2-font-style);\"><p>Without a strong support system and fans, high-level sports wouldn't be possible. Start following our activities and cheer for the IVAR CS team in all sporting disciplines.<\/p>\n<\/div><div class=\"fusion-separator fusion-full-width-sep\" style=\"align-self: center;margin-left: auto;margin-right: auto;margin-top:25px;width:100%;\"><\/div><div class=\"fusion-builder-row fusion-builder-row-inner fusion-row fusion-flex-align-items-flex-start fusion-flex-content-wrap\" style=\"--awb-flex-grow:0;--awb-flex-grow-medium:0;--awb-flex-grow-small:0;--awb-flex-shrink:0;--awb-flex-shrink-medium:0;--awb-flex-shrink-small:0;width:calc( 100% + 0px ) !important;max-width:calc( 100% + 0px ) !important;margin-left: calc(-0px \/ 2 );margin-right: calc(-0px \/ 2 );\"><div class=\"fusion-layout-column fusion_builder_column_inner fusion-builder-nested-column-0 fusion_builder_column_inner_1_4 1_4 fusion-flex-column\" style=\"--awb-bg-blend:overlay;--awb-bg-size:cover;--awb-width-large:25%;--awb-margin-top-large:0px;--awb-spacing-right-large:0px;--awb-margin-bottom-large:20px;--awb-spacing-left-large:0px;--awb-width-medium:100%;--awb-spacing-right-medium:0px;--awb-spacing-left-medium:0px;--awb-width-small:100%;--awb-spacing-right-small:0px;--awb-spacing-left-small:0px;\"><div class=\"fusion-column-wrapper fusion-flex-justify-content-flex-start fusion-content-layout-column\"><\/div><\/div><div class=\"fusion-layout-column fusion_builder_column_inner fusion-builder-nested-column-1 fusion_builder_column_inner_1_4 1_4 fusion-flex-column\" style=\"--awb-bg-blend:overlay;--awb-bg-size:cover;--awb-width-large:25%;--awb-margin-top-large:0px;--awb-spacing-right-large:0px;--awb-margin-bottom-large:20px;--awb-spacing-left-large:0px;--awb-width-medium:100%;--awb-spacing-right-medium:0px;--awb-spacing-left-medium:0px;--awb-width-small:100%;--awb-spacing-right-small:0px;--awb-spacing-left-small:0px;\"><div class=\"fusion-column-wrapper fusion-flex-justify-content-flex-start fusion-content-layout-column\"><div style=\"text-align:center;\"><a class=\"fusion-button button-flat fusion-button-default-size button-custom fusion-button-default button-1 fusion-button-default-span fusion-button-default-type\" style=\"--button_accent_color:var(--awb-color1);--button_accent_hover_color:var(--awb-color4);--button_border_hover_color:var(--awb-color4);--button_border_width-top:2px;--button_border_width-right:2px;--button_border_width-bottom:2px;--button_border_width-left:2px;--button_gradient_top_color:rgba(254,201,107,0);--button_gradient_bottom_color:rgba(254,201,107,0);--button_gradient_top_color_hover:rgba(0,0,0,0);--button_gradient_bottom_color_hover:rgba(0,0,0,0);\" target=\"_blank\" rel=\"noopener noreferrer\" href=\"https:\/\/www.instagram.com\/ivarcssport\/\"><span class=\"fusion-button-text awb-button__text awb-button__text--default\">INSTAGRAM<\/span><\/a><\/div><\/div><\/div><div class=\"fusion-layout-column fusion_builder_column_inner fusion-builder-nested-column-2 fusion_builder_column_inner_1_4 1_4 fusion-flex-column\" style=\"--awb-bg-blend:overlay;--awb-bg-size:cover;--awb-width-large:25%;--awb-margin-top-large:0px;--awb-spacing-right-large:0px;--awb-margin-bottom-large:20px;--awb-spacing-left-large:0px;--awb-width-medium:100%;--awb-spacing-right-medium:0px;--awb-spacing-left-medium:0px;--awb-width-small:100%;--awb-spacing-right-small:0px;--awb-spacing-left-small:0px;\"><div class=\"fusion-column-wrapper fusion-flex-justify-content-flex-start fusion-content-layout-column\"><div style=\"text-align:center;\"><a class=\"fusion-button button-flat fusion-button-default-size button-custom fusion-button-default button-2 fusion-button-default-span fusion-button-default-type\" style=\"--button_accent_color:var(--awb-color1);--button_accent_hover_color:var(--awb-color4);--button_border_hover_color:var(--awb-color4);--button_border_width-top:2px;--button_border_width-right:2px;--button_border_width-bottom:2px;--button_border_width-left:2px;--button_gradient_top_color:rgba(254,201,107,0);--button_gradient_bottom_color:rgba(254,201,107,0);--button_gradient_top_color_hover:rgba(0,0,0,0);--button_gradient_bottom_color_hover:rgba(0,0,0,0);\" target=\"_self\" href=\"https:\/\/ivarcssport.com\/en\/sportovci\/\"><span class=\"fusion-button-text awb-button__text awb-button__text--default\">ATHLETES<\/span><\/a><\/div><\/div><\/div><div class=\"fusion-layout-column fusion_builder_column_inner fusion-builder-nested-column-3 fusion_builder_column_inner_1_4 1_4 fusion-flex-column\" style=\"--awb-bg-blend:overlay;--awb-bg-size:cover;--awb-width-large:25%;--awb-margin-top-large:0px;--awb-spacing-right-large:0px;--awb-margin-bottom-large:20px;--awb-spacing-left-large:0px;--awb-width-medium:100%;--awb-spacing-right-medium:0px;--awb-spacing-left-medium:0px;--awb-width-small:100%;--awb-spacing-right-small:0px;--awb-spacing-left-small:0px;\"><div class=\"fusion-column-wrapper fusion-flex-justify-content-flex-start fusion-content-layout-column\"><\/div><\/div><\/div><\/div><\/div><\/div><\/div>\n<\/p>","protected":false},"excerpt":{"rendered":"","protected":false},"author":1,"featured_media":0,"parent":0,"menu_order":0,"comment_status":"closed","ping_status":"closed","template":"100-width.php","meta":{"footnotes":""},"class_list":["post-1565","page","type-page","status-publish","hentry"],"_links":{"self":[{"href":"https:\/\/ivarcssport.com\/en\/wp-json\/wp\/v2\/pages\/1565","targetHints":{"allow":["GET"]}}],"collection":[{"href":"https:\/\/ivarcssport.com\/en\/wp-json\/wp\/v2\/pages"}],"about":[{"href":"https:\/\/ivarcssport.com\/en\/wp-json\/wp\/v2\/types\/page"}],"author":[{"embeddable":true,"href":"https:\/\/ivarcssport.com\/en\/wp-json\/wp\/v2\/users\/1"}],"replies":[{"embeddable":true,"href":"https:\/\/ivarcssport.com\/en\/wp-json\/wp\/v2\/comments?post=1565"}],"version-history":[{"count":8,"href":"https:\/\/ivarcssport.com\/en\/wp-json\/wp\/v2\/pages\/1565\/revisions"}],"predecessor-version":[{"id":1624,"href":"https:\/\/ivarcssport.com\/en\/wp-json\/wp\/v2\/pages\/1565\/revisions\/1624"}],"wp:attachment":[{"href":"https:\/\/ivarcssport.com\/en\/wp-json\/wp\/v2\/media?parent=1565"}],"curies":[{"name":"wp","href":"https:\/\/api.w.org\/{rel}","templated":true}]}}